{"id":191,"date":"2018-10-01T14:00:29","date_gmt":"2018-10-01T12:00:29","guid":{"rendered":"https:\/\/www.ses-sterling.com\/blog\/?page_id=191"},"modified":"2023-09-26T13:00:41","modified_gmt":"2023-09-26T11:00:41","slug":"mentions-legales","status":"publish","type":"page","link":"https:\/\/www.ses-sterling.com\/blog\/mentions-legales\/","title":{"rendered":"Mentions l\u00e9gales"},"content":{"rendered":"<div class=\"mentions_l\">\n<p>SES-STERLING SA<br \/>1 rue du Technoparc<br \/>68220 H\u00e9singue<br \/>T\u00e9l. +33 (0)3 89 70 20 00<br \/>R.C. Mulhouse<br \/>N\u00b0 SIRET 945 750 347 00128<br \/>N\u00b0 CEE FR 83945750347<br \/>NAF 2221Z<br \/>Capital 10.000.000 EUR<\/p>\n<h2><strong>Directeur de la publication <\/strong><\/h2>\n<p>M. Daniel Rollier<br \/>SES-STERLING SA \u2013 Direction<br \/>1 rue du Technoparc<br \/>68220 H\u00e9singue<\/p>\n<h2><strong>Responsable de la publication<\/strong><\/h2>\n<p>M.\u00a0Pascal Kirscher<br \/>SES-STERLING SA \u2013 Syst\u00e8mes d\u2019Information<br \/>1 rue du Technoparc<br \/>68220 H\u00e9singue<\/p>\n<h2><strong>Marques et appellations commerciales<\/strong><\/h2>\n<p>Les appellations, logos et autres symboles figurant sur le site internet ses-sterling.com\/ses-sterling.fr appartiennent \u00e0 SES-STERLING et sont prot\u00e9g\u00e9s par la loi. Leur utilisation est interdite sans l\u2019autorisation \u00e9crite de SES-STERLING.<\/p>\n<h2><strong>Propri\u00e9t\u00e9 intellectuelle<\/strong><\/h2>\n<p>L\u2019ensemble du blog de SES-STERLING est prot\u00e9g\u00e9 par les dispositions du code de la propri\u00e9t\u00e9 intellectuelle. Sauf autorisation formelle \u00e9crite pr\u00e9alable, la reproduction ainsi que toute utilisation de tout ou partie du site de SES-STERLING, de ses logos ou autres signes distinctifs \u00e0 d\u2019autres fins que dans le cadre d\u2019une consultation individuelle et priv\u00e9e sont interdites et susceptibles d\u2019actions en contrefa\u00e7on.<\/p>\n<h2><strong>Responsabilit\u00e9 vis-\u00e0-vis du contenu<\/strong><\/h2>\n<p>SES-STERLING apporte le plus grand soin \u00e0 la r\u00e9alisation et \u00e0 la mise \u00e0 jour de son site internet. La soci\u00e9t\u00e9 d\u00e9cline toutefois toute responsabilit\u00e9 au cas o\u00f9 des informations seraient incorrectes. SES-STERLING peut modifier \u00e0 tout moment les informations pr\u00e9sent\u00e9es sans le moindre avertissement pr\u00e9alable.<\/p>\n<h2><strong>Droit applicable<\/strong><\/h2>\n<p>Les pr\u00e9sentes mentions l\u00e9gales sont r\u00e9gies par la loi fran\u00e7aise \u00e0 l\u2019exclusion de toute autre loi.<\/p>\n<h2><strong>H\u00e9bergement<\/strong><\/h2>\n<p>Icodia<br \/><span class=\"_Xbe\">22 Rue de l\u2019Erboni\u00e8re<\/span><br \/><span class=\"_Xbe\">35510 Cesson-S\u00e9vign\u00e9<\/span><br \/><a href=\"https:\/\/www.icodia.com\/\">https:\/\/www.icodia.com\/<\/a><\/p>\n<\/div>\n\n","protected":false},"excerpt":{"rendered":"<p>SES-STERLING SA1 rue du Technoparc68220 H\u00e9singueT\u00e9l. +33 (0)3 89 70 20 00R.C. MulhouseN\u00b0 SIRET 945 750 347 00128N\u00b0 CEE FR 83945750347NAF 2221ZCapital 10.000.000 EUR Directeur de la publication M. Daniel RollierSES-STERLING SA \u2013 Direction1 rue du Technoparc68220 H\u00e9singue Responsable de la publication M.\u00a0Pascal KirscherSES-STERLING SA \u2013 Syst\u00e8mes d\u2019Information1 rue du Technoparc68220 H\u00e9singue Marques et appellations &hellip; <\/p>\n<p class=\"link-more\"><a href=\"https:\/\/www.ses-sterling.com\/blog\/mentions-legales\/\" class=\"more-link\">Continuer la lecture<span class=\"screen-reader-text\"> de &laquo;&nbsp;Mentions l\u00e9gales&nbsp;&raquo;<\/span><\/a><\/p>\n<p class=\"link-more\"><a href=\"https:\/\/www.ses-sterling.com\/blog\/mentions-legales\/\">Lire la suite<span class=\"screen-reader-text\"> &#8220;Mentions l\u00e9gales&#8221;<\/span><\/a><\/p>\n","protected":false},"author":8,"featured_media":0,"parent":0,"menu_order":0,"comment_status":"closed","ping_status":"closed","template":"","meta":{"om_disable_all_campaigns":false,"_uag_custom_page_level_css":"","advgb_blocks_editor_width":"","advgb_blocks_columns_visual_guide":"","_monsterinsights_skip_tracking":false,"_monsterinsights_sitenote_active":false,"_monsterinsights_sitenote_note":"","_monsterinsights_sitenote_category":0,"footnotes":""},"class_list":["post-191","page","type-page","status-publish","hentry"],"aioseo_notices":[],"uagb_featured_image_src":{"full":false,"thumbnail":false,"medium":false,"medium_large":false,"large":false,"1536x1536":false,"2048x2048":false,"twentyseventeen-featured-image":false,"twentyseventeen-thumbnail-avatar":false,"sow-carousel-default":false},"uagb_author_info":{"display_name":"SES-STERLING","author_link":"https:\/\/www.ses-sterling.com\/blog\/author\/amer\/"},"uagb_comment_info":0,"uagb_excerpt":"SES-STERLING SA1 rue du Technoparc68220 H\u00e9singueT\u00e9l. +33 (0)3 89 70 20 00R.C. MulhouseN\u00b0 SIRET 945 750 347 00128N\u00b0 CEE FR 83945750347NAF 2221ZCapital 10.000.000 EUR Directeur de la publication M. Daniel RollierSES-STERLING SA \u2013 Direction1 rue du Technoparc68220 H\u00e9singue Responsable de la publication M.\u00a0Pascal KirscherSES-STERLING SA \u2013 Syst\u00e8mes d\u2019Information1 rue du Technoparc68220 H\u00e9singue Marques et appellations\u2026","coauthors":[],"author_meta":{"author_link":"https:\/\/www.ses-sterling.com\/blog\/author\/amer\/","display_name":"SES-STERLING"},"relative_dates":{"created":"Publi\u00e9 8 ans il y a","modified":"Mis \u00e0 jour 3 ans il y a"},"absolute_dates":{"created":"Publi\u00e9 le 1 octobre 2018","modified":"Mise \u00e0 jour le 26 septembre 2023"},"absolute_dates_time":{"created":"Publi\u00e9 le 1 octobre 2018 14:00","modified":"Mise \u00e0 jour le 26 septembre 2023 13:00"},"featured_img_caption":"","featured_img":false,"series_order":"","_links":{"self":[{"href":"https:\/\/www.ses-sterling.com\/blog\/wp-json\/wp\/v2\/pages\/191","targetHints":{"allow":["GET"]}}],"collection":[{"href":"https:\/\/www.ses-sterling.com\/blog\/wp-json\/wp\/v2\/pages"}],"about":[{"href":"https:\/\/www.ses-sterling.com\/blog\/wp-json\/wp\/v2\/types\/page"}],"author":[{"embeddable":true,"href":"https:\/\/www.ses-sterling.com\/blog\/wp-json\/wp\/v2\/users\/8"}],"replies":[{"embeddable":true,"href":"https:\/\/www.ses-sterling.com\/blog\/wp-json\/wp\/v2\/comments?post=191"}],"version-history":[{"count":5,"href":"https:\/\/www.ses-sterling.com\/blog\/wp-json\/wp\/v2\/pages\/191\/revisions"}],"predecessor-version":[{"id":37796,"href":"https:\/\/www.ses-sterling.com\/blog\/wp-json\/wp\/v2\/pages\/191\/revisions\/37796"}],"wp:attachment":[{"href":"https:\/\/www.ses-sterling.com\/blog\/wp-json\/wp\/v2\/media?parent=191"}],"curies":[{"name":"wp","href":"https:\/\/api.w.org\/{rel}","templated":true}]}}