{"id":196,"date":"2018-10-01T14:00:18","date_gmt":"2018-10-01T12:00:18","guid":{"rendered":"https:\/\/www.ses-sterling.com\/blog\/?page_id=196"},"modified":"2025-08-18T08:12:10","modified_gmt":"2025-08-18T06:12:10","slug":"impressum","status":"publish","type":"page","link":"https:\/\/www.ses-sterling.com\/blog\/de\/impressum\/","title":{"rendered":"Impressum"},"content":{"rendered":"<h2 id=\"haut\"><strong>Anbieter<\/strong><\/h2>\n<div>SES-STERLING GmbH<\/div>\n<div class=\"texte\">\n<p>Alte Stra\u00dfe 22 79576 Weil am Rhein<br class=\"manualbr\" \/>Handelsregister Freiburg HRB 410195<\/p>\n<h2><strong>Telefonnummer \/ Fax nummer<\/strong><\/h2>\n<p>Tel : 07621-98 48 0 <br class=\"manualbr\" \/>Fax : 07621-98 48 48<\/p>\n<h2><strong>Kontakte<\/strong><\/h2>\n<p>E-mail : <a class=\"spip_mail\" title=\"ses.de[@]ses-sterling.com\" href=\"http:\/\/www.ses-sterling.com\/-Impressum,111-.html#\">ses.de<span class=\"cryptOK\">@<\/span>ses-sterling.com<\/a><br class=\"manualbr\" \/><a href=\"http:\/\/www.ses-sterling.com\/contact\/formulaire\">http:\/\/www.ses-sterling.com\/contact\/formulaire<\/a><\/p>\n<h2><strong>Gesch\u00e4ftsf\u00fchrung<\/strong><\/h2>\n<p>Daniel Rollier<br class=\"manualbr\" \/>J\u00fcrgen Roth<\/p>\n<h2 class=\"spip\">Allgemeine Nutzungsbedingungen<\/h2>\n<h3><strong>Marken und Handelsbezeichnungen<\/strong><\/h3>\n<p>Die Bezeichnungen, Signete und anderen Symbole, die auf den Web-Seiten SES-Sterling.com\/SES-Sterling.fr im Internet figurieren sind gesetzlich gesch\u00fctzt. Ihre Verwendung ist ohne schriftliche Einwilligung von SES-STERLING nicht erlaubt<\/p>\n<h3><strong>Intellektuelles Eigentum<\/strong><\/h3>\n<p>Alle oder ein Teil der Angaben auf den Web-Seiten der SES-STERLING sind durch den Kodex des intellektuellen Eigentums gesch\u00fctzt. Ohne vorangegangene schriftliche Genehmigung ist es verboten, alle oder einen Teil der Web-Seiten (Signete oder andere Kennzeichnungen) zu kopieren oder zu verwenden, ausser f\u00fcr einzelne private Zwecke. Andere Aktionen werden als F\u00e4lschung gerichtlich belangt.<\/p>\n<h3><strong>Verantwortlichkeit gegen\u00fcber dem Inhalt<\/strong><\/h3>\n<p>SES-STERLING verwendet gr\u00f6sste Sorgfalt bei der Realisierung und Aufarbeitung der Web-Seiten im Internet. Die Gesellschaft lehnt jedoch jegliche Verantwortung<br class=\"autobr\" \/>ab, sollten sich darin befindliche Angaben nicht korrekt sein. SES-STERLING kann alle Angaben jederzeit ohne Vorank\u00fcndigung ab\u00e4ndern.<\/p>\n<h3><strong>Anzuwendendes Recht<\/strong><\/h3>\n<p>Die gesetzlichen Hinweise beziehen sich auf franz\u00f6sisches Recht, unter Ausschluss aller anderen Gesetze.<\/p>\n<\/div>\n","protected":false},"excerpt":{"rendered":"<p>Anbieter SES-STERLING GmbH Alte Stra\u00dfe 22 79576 Weil am RheinHandelsregister Freiburg HRB 410195 Telefonnummer \/ Fax nummer Tel : 07621-98 48 0 Fax : 07621-98 48 48 Kontakte E-mail : ses.de@ses-sterling.comhttp:\/\/www.ses-sterling.com\/contact\/formulaire Gesch\u00e4ftsf\u00fchrung Daniel RollierJ\u00fcrgen Roth Allgemeine Nutzungsbedingungen Marken und Handelsbezeichnungen Die Bezeichnungen, Signete und anderen Symbole, die auf den Web-Seiten SES-Sterling.com\/SES-Sterling.fr im Internet figurieren sind &hellip; <\/p>\n<p class=\"link-more\"><a href=\"https:\/\/www.ses-sterling.com\/blog\/de\/impressum\/\" class=\"more-link\">Continuer la lecture<span class=\"screen-reader-text\"> de &laquo;&nbsp;Impressum&nbsp;&raquo;<\/span><\/a><\/p>\n<p class=\"link-more\"><a href=\"https:\/\/www.ses-sterling.com\/blog\/de\/impressum\/\">Lire la suite<span class=\"screen-reader-text\"> &#8220;Impressum&#8221;<\/span><\/a><\/p>\n","protected":false},"author":1,"featured_media":0,"parent":0,"menu_order":0,"comment_status":"closed","ping_status":"closed","template":"","meta":{"om_disable_all_campaigns":false,"_uag_custom_page_level_css":"","advgb_blocks_editor_width":"","advgb_blocks_columns_visual_guide":"","_monsterinsights_skip_tracking":false,"_monsterinsights_sitenote_active":false,"_monsterinsights_sitenote_note":"","_monsterinsights_sitenote_category":0,"footnotes":""},"class_list":["post-196","page","type-page","status-publish","hentry"],"aioseo_notices":[],"uagb_featured_image_src":{"full":false,"thumbnail":false,"medium":false,"medium_large":false,"large":false,"1536x1536":false,"2048x2048":false,"twentyseventeen-featured-image":false,"twentyseventeen-thumbnail-avatar":false,"sow-carousel-default":false},"uagb_author_info":{"display_name":"admin","author_link":"https:\/\/www.ses-sterling.com\/blog\/author\/admin\/"},"uagb_comment_info":0,"uagb_excerpt":"Anbieter SES-STERLING GmbH Alte Stra\u00dfe 22 79576 Weil am RheinHandelsregister Freiburg HRB 410195 Telefonnummer \/ Fax nummer Tel : 07621-98 48 0 Fax : 07621-98 48 48 Kontakte E-mail : ses.de@ses-sterling.comhttp:\/\/www.ses-sterling.com\/contact\/formulaire Gesch\u00e4ftsf\u00fchrung Daniel RollierJ\u00fcrgen Roth Allgemeine Nutzungsbedingungen Marken und Handelsbezeichnungen Die Bezeichnungen, Signete und anderen Symbole, die auf den Web-Seiten SES-Sterling.com\/SES-Sterling.fr im Internet figurieren sind\u2026","coauthors":[],"author_meta":{"author_link":"https:\/\/www.ses-sterling.com\/blog\/author\/admin\/","display_name":"admin"},"relative_dates":{"created":"Publi\u00e9 8 ans il y a","modified":"Mis \u00e0 jour 9 mois il y a"},"absolute_dates":{"created":"Publi\u00e9 le 1 octobre 2018","modified":"Mise \u00e0 jour le 18 ao\u00fbt 2025"},"absolute_dates_time":{"created":"Publi\u00e9 le 1 octobre 2018 14:00","modified":"Mise \u00e0 jour le 18 ao\u00fbt 2025 08:12"},"featured_img_caption":"","featured_img":false,"series_order":"","_links":{"self":[{"href":"https:\/\/www.ses-sterling.com\/blog\/wp-json\/wp\/v2\/pages\/196","targetHints":{"allow":["GET"]}}],"collection":[{"href":"https:\/\/www.ses-sterling.com\/blog\/wp-json\/wp\/v2\/pages"}],"about":[{"href":"https:\/\/www.ses-sterling.com\/blog\/wp-json\/wp\/v2\/types\/page"}],"author":[{"embeddable":true,"href":"https:\/\/www.ses-sterling.com\/blog\/wp-json\/wp\/v2\/users\/1"}],"replies":[{"embeddable":true,"href":"https:\/\/www.ses-sterling.com\/blog\/wp-json\/wp\/v2\/comments?post=196"}],"version-history":[{"count":4,"href":"https:\/\/www.ses-sterling.com\/blog\/wp-json\/wp\/v2\/pages\/196\/revisions"}],"predecessor-version":[{"id":48669,"href":"https:\/\/www.ses-sterling.com\/blog\/wp-json\/wp\/v2\/pages\/196\/revisions\/48669"}],"wp:attachment":[{"href":"https:\/\/www.ses-sterling.com\/blog\/wp-json\/wp\/v2\/media?parent=196"}],"curies":[{"name":"wp","href":"https:\/\/api.w.org\/{rel}","templated":true}]}}