{"id":198,"date":"2018-10-01T14:00:46","date_gmt":"2018-10-01T12:00:46","guid":{"rendered":"https:\/\/www.ses-sterling.com\/blog\/?page_id=198"},"modified":"2023-09-26T13:50:19","modified_gmt":"2023-09-26T11:50:19","slug":"personliche-daten","status":"publish","type":"page","link":"https:\/\/www.ses-sterling.com\/blog\/de\/personliche-daten\/","title":{"rendered":"Pers\u00f6nliche Daten"},"content":{"rendered":"<p><em>Aktualisierung: Mai 2018<\/em><\/p>\n<p>SES-STERLING verpflichtet sich, dass das Sammeln und Bearbeiten Ihrer pers\u00f6nlicher Daten konform sind mit der Datenschutz-Grundverodnung (DS-GVO).<\/p>\n<h2><strong>Art der gesammelten personenbezogenen Daten, Zweck und Dauer der Datenspeicherung<\/strong><\/h2>\n<p>Wir sammeln verschiedene Arten von personenbezogener Daten auf unseren Websites durch direkten Kontak (E-Mail, Telefon, Besuch):<\/p>\n<h3>Informationen, die Sie freiwillig mitteilen<em><br \/>\n<\/em><\/h3>\n\n<table id=\"tablepress-4\" class=\"tablepress tablepress-id-4\">\n<thead>\n<tr class=\"row-1\">\n\t<th class=\"column-1\">Art der Daten<\/th><th class=\"column-2\">Zweck<\/th><th class=\"column-3\">Dauer der Datenspeicherung<\/th>\n<\/tr>\n<\/thead>\n<tbody class=\"row-striping row-hover\">\n<tr class=\"row-2\">\n\t<td class=\"column-1\">Ihre Angaben : Name, Vorname, Telefonnummern, E-Mail Adresse<\/td><td class=\"column-2\">Bearbeitung Ihrer Bestellungen<br \/>\nProspektion<\/td><td class=\"column-3\">Dauer der Gesch\u00e4ftsbeziehung + 3 Jahre<\/td>\n<\/tr>\n<tr class=\"row-3\">\n\t<td class=\"column-1\">Benutzername und Passwort<\/td><td class=\"column-2\">Pflege Ihres pers\u00f6nlichen Kundenbereiches unserer Websites<br \/>\nOnline Bestellungen<\/td><td class=\"column-3\">Dauer des Kontos + 3 Jahre<\/td>\n<\/tr>\n<tr class=\"row-4\">\n\t<td class=\"column-1\">Informationen \u00fcber die Produkte und Dienstleistungen, die Sie interessieren<\/td><td class=\"column-2\">Bearbeitung Ihrer Anfragen<\/td><td class=\"column-3\">Dauer der Gesch\u00e4ftsbeziehung + 3 Jahre<\/td>\n<\/tr>\n<tr class=\"row-5\">\n\t<td class=\"column-1\">Lebensl\u00e4ufe und Bewerbungen<\/td><td class=\"column-2\">Einstellungsverfahren<\/td><td class=\"column-3\">Dauer des Einstellungsverfahrens + 2 Jahre<\/td>\n<\/tr>\n<\/tbody>\n<\/table>\n<!-- #tablepress-4 from cache -->\n<h3>Informationen, die wir automatisch sammeln<\/h3>\n<p>Wenn Sie eine unserer Websites besuchen, sammeln wir automatisch verschiedene Informationen anhand der f\u00fcr die Verbindung verwendeten Ausr\u00fcstung (IP-Adresse, Art des Ger\u00e4tes, Art der Suchmaschine, allgemeine Lokalisierung (Land)).<\/p>\n<p>Wir k\u00f6nnen ebenfalls Informationen sammeln \u00fcber die Art und Weise, wie Ihr Ger\u00e4t interagiert mit der besuchten Website, vor allem im Bezug auf die angesehen Seiten und gew\u00e4hlten Links.<\/p>\n<p>Das Sammeln dieser Informationen erm\u00f6glicht es uns, die Besucher unserer Website besser zu verstehen mit dem Ziel die Qualit\u00e4t und die Pertinenz, der auf unserer Website bereitgestellten Informationen, zu verbessern.<\/p>\n<p>Zum Sammeln und Analyse dieser Informationen nutzen wir die Software Matomo (fr\u00fcher Piwik)\u00a0, die bekannt ist f\u00fcr den Respekt der personenbezogenen Daten.<\/p>\n\n<table id=\"tablepress-5\" class=\"tablepress tablepress-id-5\">\n<thead>\n<tr class=\"row-1\">\n\t<th class=\"column-1\">Cookies<\/th><th class=\"column-2\">Zweck<\/th><th class=\"column-3\">Dauer der Datenspeicherung<\/th>\n<\/tr>\n<\/thead>\n<tbody class=\"row-striping row-hover\">\n<tr class=\"row-2\">\n\t<td class=\"column-1\"><\/td><td class=\"column-2\">Web-Statistiken<\/td><td class=\"column-3\">30 Minuten<\/td>\n<\/tr>\n<tr class=\"row-3\">\n\t<td class=\"column-1\"><\/td><td class=\"column-2\">Web-Statistiken<\/td><td class=\"column-3\">13 Monate<\/td>\n<\/tr>\n<tr class=\"row-4\">\n\t<td class=\"column-1\"><\/td><td class=\"column-2\">Cookie, die angeben, dass Sie sich der statistischen Analyse widersetzen<\/td><td class=\"column-3\"> 13 Monate<\/td>\n<\/tr>\n<\/tbody>\n<\/table>\n<!-- #tablepress-5 from cache -->\n<p>Wir setzen ebenfalls Cookies ein, um unsere Website nutzerfreundlicher zu gestalten:<\/p>\n\n<table id=\"tablepress-6\" class=\"tablepress tablepress-id-6\">\n<thead>\n<tr class=\"row-1\">\n\t<th class=\"column-1\">Cookies<\/th><th class=\"column-2\">Zweck<\/th><th class=\"column-3\">Dauer der Datenspeicherung<\/th>\n<\/tr>\n<\/thead>\n<tbody class=\"row-striping row-hover\">\n<tr class=\"row-2\">\n\t<td class=\"column-1\">Sprache, Land<\/td><td class=\"column-2\">Abspeichern Ihrer Vorlieben (Land und bevorzugte Sprache)<\/td><td class=\"column-3\">Unbegrenzt<\/td>\n<\/tr>\n<tr class=\"row-3\">\n\t<td class=\"column-1\"><\/td><td class=\"column-2\">Bestimmt, ob der Browser Javascript akzeptiert<\/td><td class=\"column-3\">Dauer der Benutzung<\/td>\n<\/tr>\n<\/tbody>\n<\/table>\n<!-- #tablepress-6 from cache -->\n<p>Die personenbezogenen Daten werden gel\u00f6scht\u00a0:<\/p>\n<ul>\n<li>wenn sie nicht mehr ben\u00f6tigt werden<\/li>\n<li>\u00a0nach Ablauf der Dauer der Datenspeicherung<\/li>\n<li>\u00a0wenn Sie es anfragen<\/li>\n<\/ul>\n<p>Die Datenspeicherung kann jedoch verl\u00e4ngert werden, um gesetzliche , steuerrechtliche oder buchhalterische Verpflichtungen zu respektieren.<\/p>\n<h2><b>Besonderer Fall\u00a0: Cookies von Drittanbietern<\/b><\/h2>\n<p>Unsere Websites stellen Verbindungen her mit Dienstleistungen, die von Drittanbietern angeboten werden, vor allem\u00a0:<\/p>\n<ul>\n<li>\u00a0nach den sozialen Netzwerken (LinkedIn, Facebook et Google+)<\/li>\n<li>\u00a0nach Videos, die auf Youtube gehostet werden<\/li>\n<\/ul>\n<p>Diese Drittanbieter benutzen Cookies. Um mehr \u00fcber die Informationen, die f\u00fcr Ihre Kontaktdaten verf\u00fcgbar sind und die Vorgehensweise zwecks deren Einschr\u00e4nkung zu erfahren, bitten wir Sie, die Benutzungsbedingungen dieser Drittanbieter zu konsultieren.<\/p>\n<h3><strong>Bekantgabe Ihrer personenbezogenen Daten<\/strong><\/h3>\n<p>Wir verpflichten uns, die gesammelten Daten an keine Drittpersonen weiterzuleiten. Die gesammelten Daten sind ausschlie\u00dflich f\u00fcr unseren eigenen Gebrauch.<\/p>\n<h3>Ausnahme bilden Anfragen von staatlichen Organisationen und der Justiz, um gesetzlichen Verpflichtungen nachzukommen.<\/h3>\n<h3><strong>Standort Ihrer personenbezogener Daten<\/strong><\/h3>\n<p>Die gesammelten Daten werden auf Servern, gelegen ausschlie\u00dflich in der Europ\u00e4ischen Gemeinschaft (haupts\u00e4chlich in Frankreich) gespeichert, sei es auf unseren eigenen oder gehosteten.<\/p>\n<h3><strong>Schutz Ihrer personenbezogener Daten<\/strong><\/h3>\n<p>Wir verpflichten uns Ihre personenbezogenen Daten zu sch\u00fctzen. Wir untenehmen alle Schutzma\u00dfnahmen, um die Vertraulichkeit und den Schutz Ihrer personenbezogener Daten zu gew\u00e4hrleisten.<\/p>\n<h3><strong>Ihre Rechte als Betroffener und wie diese aus\u00fcben\u00a0?<\/strong><\/h3>\n<p>Sie verf\u00fcgen \u00fcber folgende Rechte im Rahmen der DS-GVO\u00a0:<\/p>\n<ul>\n<li>\u00a0Auskunftsrecht<\/li>\n<li>\u00a0Recht auf Berichtigung<\/li>\n<li>\u00a0Recht auf L\u00f6schung<\/li>\n<li>Sie k\u00f6nnen sich ebenfalls der Verarbeitung Ihrer personenbezogener Daten widersetzen oder diese einschr\u00e4nken.<\/li>\n<li>Sie haben das Recht jederzeit Ihre Einwilligung zu widerrufen und dies ohne Kosten.<br \/>\nSie k\u00f6nnen dieses Recht in Anspruch nehmen durch einen Klick auf den Link \u00ab\u00a0Abmelden\u00a0\u00bb in den Werbe-E-Mails, die wir Ihnen schicken.<br \/>\nUm andere Formen der Werbung (durch Postsendungen oder Telefonverkauf) zu verweigern, bitten wir Sie mit uns Kontakt aufzunehmen. Unsere Kontaktangaben finden Sie hierunten.<\/li>\n<\/ul>\n<p>Sie k\u00f6nnen zu jederzeit einer der oben genannten Rechte aus\u00fcben, indem Sie uns kontaktieren. Wir werden Ihre Anfragen in \u00dcbereinstimmung mit der entsprechenden Gesetzgebung bearbeiten.<\/p>\n<h3><strong>Externe Links<\/strong><\/h3>\n<p>Websites von Drittanbietern, die durch einen Link auf unseren Websites erreichbar sind, sind nicht von unserer Politik im Bereich des personenbezogenen Datenschutzes abgedeckt. Wir laden Sie ein, die entsprechenden Benutzungsbedingungen dieser Drittanbieter zu konsultieren.<\/p>\n<h2><strong>Uns kontaktieren<\/strong><\/h2>\n<p>F\u00fcr jede Frage, Reklamation oder Probleme betreffend Ihrer personenbezogenen Daten, oder falls Sie Ihre Rechte, wie hier oben vermerkt, aus\u00fcben m\u00f6chten, bitten wir Sie uns zu kontaktieren\u00a0:<\/p>\n<ul>\n<li>auf dem Postweg\u00a0 an\u00a0:SES-STERLING SA<br \/>\nTraitement des Donn\u00e9es Personnelles<br \/>\n1 rue du Technoparc<br \/>\n68220 H\u00e9singue<br \/>\nT\u00e9l. +33 (0)3 89 70 20 00<\/li>\n<\/ul>\n<ul>\n<li>per E-Mail an <a href=\"mailto:data-privacy@ses-sterling.com\">data-privacy@ses-sterling.com<\/a><\/li>\n<\/ul>\n","protected":false},"excerpt":{"rendered":"<p>Aktualisierung: Mai 2018 SES-STERLING verpflichtet sich, dass das Sammeln und Bearbeiten Ihrer pers\u00f6nlicher Daten konform sind mit der Datenschutz-Grundverodnung (DS-GVO). Art der gesammelten personenbezogenen Daten, Zweck und Dauer der Datenspeicherung Wir sammeln verschiedene Arten von personenbezogener Daten auf unseren Websites durch direkten Kontak (E-Mail, Telefon, Besuch): Informationen, die Sie freiwillig mitteilen Informationen, die wir automatisch &hellip; <\/p>\n<p class=\"link-more\"><a href=\"https:\/\/www.ses-sterling.com\/blog\/de\/personliche-daten\/\" class=\"more-link\">Continuer la lecture<span class=\"screen-reader-text\"> de &laquo;&nbsp;Pers\u00f6nliche Daten&nbsp;&raquo;<\/span><\/a><\/p>\n<p class=\"link-more\"><a href=\"https:\/\/www.ses-sterling.com\/blog\/de\/personliche-daten\/\">Lire la suite<span class=\"screen-reader-text\"> &#8220;Pers\u00f6nliche Daten&#8221;<\/span><\/a><\/p>\n","protected":false},"author":8,"featured_media":0,"parent":0,"menu_order":0,"comment_status":"closed","ping_status":"closed","template":"","meta":{"om_disable_all_campaigns":false,"_uag_custom_page_level_css":"","advgb_blocks_editor_width":"","advgb_blocks_columns_visual_guide":"","_monsterinsights_skip_tracking":false,"_monsterinsights_sitenote_active":false,"_monsterinsights_sitenote_note":"","_monsterinsights_sitenote_category":0,"footnotes":""},"class_list":["post-198","page","type-page","status-publish","hentry"],"aioseo_notices":[],"uagb_featured_image_src":{"full":false,"thumbnail":false,"medium":false,"medium_large":false,"large":false,"1536x1536":false,"2048x2048":false,"twentyseventeen-featured-image":false,"twentyseventeen-thumbnail-avatar":false,"sow-carousel-default":false},"uagb_author_info":{"display_name":"SES-STERLING","author_link":"https:\/\/www.ses-sterling.com\/blog\/author\/amer\/"},"uagb_comment_info":0,"uagb_excerpt":"Aktualisierung: Mai 2018 SES-STERLING verpflichtet sich, dass das Sammeln und Bearbeiten Ihrer pers\u00f6nlicher Daten konform sind mit der Datenschutz-Grundverodnung (DS-GVO). Art der gesammelten personenbezogenen Daten, Zweck und Dauer der Datenspeicherung Wir sammeln verschiedene Arten von personenbezogener Daten auf unseren Websites durch direkten Kontak (E-Mail, Telefon, Besuch): Informationen, die Sie freiwillig mitteilen Informationen, die wir automatisch\u2026","coauthors":[],"author_meta":{"author_link":"https:\/\/www.ses-sterling.com\/blog\/author\/amer\/","display_name":"SES-STERLING"},"relative_dates":{"created":"Publi\u00e9 8 ans il y a","modified":"Mis \u00e0 jour 3 ans il y a"},"absolute_dates":{"created":"Publi\u00e9 le 1 octobre 2018","modified":"Mise \u00e0 jour le 26 septembre 2023"},"absolute_dates_time":{"created":"Publi\u00e9 le 1 octobre 2018 14:00","modified":"Mise \u00e0 jour le 26 septembre 2023 13:50"},"featured_img_caption":"","featured_img":false,"series_order":"","_links":{"self":[{"href":"https:\/\/www.ses-sterling.com\/blog\/wp-json\/wp\/v2\/pages\/198","targetHints":{"allow":["GET"]}}],"collection":[{"href":"https:\/\/www.ses-sterling.com\/blog\/wp-json\/wp\/v2\/pages"}],"about":[{"href":"https:\/\/www.ses-sterling.com\/blog\/wp-json\/wp\/v2\/types\/page"}],"author":[{"embeddable":true,"href":"https:\/\/www.ses-sterling.com\/blog\/wp-json\/wp\/v2\/users\/8"}],"replies":[{"embeddable":true,"href":"https:\/\/www.ses-sterling.com\/blog\/wp-json\/wp\/v2\/comments?post=198"}],"version-history":[{"count":5,"href":"https:\/\/www.ses-sterling.com\/blog\/wp-json\/wp\/v2\/pages\/198\/revisions"}],"predecessor-version":[{"id":42661,"href":"https:\/\/www.ses-sterling.com\/blog\/wp-json\/wp\/v2\/pages\/198\/revisions\/42661"}],"wp:attachment":[{"href":"https:\/\/www.ses-sterling.com\/blog\/wp-json\/wp\/v2\/media?parent=198"}],"curies":[{"name":"wp","href":"https:\/\/api.w.org\/{rel}","templated":true}]}}